{"id":100,"date":"2016-01-14T18:32:03","date_gmt":"2016-01-14T17:32:03","guid":{"rendered":"http:\/\/couplesetfamilles35.org\/?page_id=100"},"modified":"2025-03-08T17:17:12","modified_gmt":"2025-03-08T16:17:12","slug":"lassociation","status":"publish","type":"page","link":"https:\/\/couplesetfamilles35.org\/index.php\/lassociation\/","title":{"rendered":"L&#8217;association"},"content":{"rendered":"<div style=\"text-align: center;\"><img decoding=\"async\" loading=\"lazy\" class=\"alignnone size-full wp-image-207\" src=\"http:\/\/couplesetfamilles35.org\/wp-content\/uploads\/2018\/09\/sommes-1.png\" alt=\"\" width=\"243\" height=\"111\" \/><\/div>\n<div><span style=\"color: #ffffff;\">h<\/span><\/div>\n<div style=\"text-align: center;\"><strong><span style=\"color: #0197d6;\"><span style=\"color: #000000;\">Couples et Familles Ille-et-Vilaine<\/span> <\/span><\/strong>est une association professionnelle (loi 1901) de Conseillers Conjugaux et Familiaux, ind\u00e9pendante de tout mouvement politique, id\u00e9ologique et religieux.<\/div>\n<div style=\"text-align: center;\">Elle a pour <strong>objectif<\/strong>, par sa r\u00e9flexion et son action de<\/div>\n<div style=\"text-align: center;\"><span style=\"color: #0d95c7;\"><strong>permettre et de promouvoir le d\u00e9veloppement de la personne dans sa vie relationnelle, affective et sexuelle.<\/strong><\/span><\/div>\n<div style=\"text-align: center;\">Tous <strong>nos intervenants<\/strong> ont re\u00e7u une formation agr\u00e9\u00e9e par la\u00a0Direction G\u00e9n\u00e9rale de la Coh\u00e9sion Sociale (DGCS)<\/div>\n<div style=\"text-align: center;\">\u00a0<span style=\"color: #ffffff;\">&#8211;<\/span><\/div>\n<div style=\"text-align: center;\"><a href=\"https:\/\/www.google.fr\/maps\/place\/13+Square+Lucien+Rose,+35000+Rennes\/@48.1132368,-1.6686135,17z\/data=!3m1!4b1!4m5!3m4!1s0x480ede4e81339205:0xc60f119bba23ffb2!8m2!3d48.113233!4d-1.666424\" target=\"_blank\" rel=\"noopener\"><img decoding=\"async\" loading=\"lazy\" class=\"size-medium wp-image-260 aligncenter\" src=\"http:\/\/couplesetfamilles35.org\/wp-content\/uploads\/2018\/09\/address-300x114.png\" alt=\"\" width=\"300\" height=\"114\" srcset=\"https:\/\/couplesetfamilles35.org\/wp-content\/uploads\/2018\/09\/address-300x114.png 300w, https:\/\/couplesetfamilles35.org\/wp-content\/uploads\/2018\/09\/address.png 362w\" sizes=\"(max-width: 300px) 100vw, 300px\" \/><\/a><\/div>\n<div><\/div>\n<div style=\"text-align: center;\"><a href=\"http:\/\/couplesetfamilles35.org\/wp-content\/uploads\/2025\/03\/PLAQUETTE-Couples-et-Familles-BREIZH-site-Internet.pdf\">PLAQUETTE Couples et Familles BREIZH site Internet<\/a><\/div>\n<div><\/div>\n<div><span style=\"color: #ffffff;\">f<\/span><\/div>\n<div style=\"text-align: center;\"><span style=\"color: #ffffff;\">&#8211;<\/span><\/div>\n<div style=\"text-align: center;\">\u00a0<span style=\"font-weight: 300;\">Membre de <a href=\"https:\/\/www.anccef.fr\/\" target=\"_blank\" rel=\"noopener\"><strong>l\u2019ANCCEF<\/strong><\/a>, affili\u00e9e<\/span> \u00e0 <a href=\"http:\/\/www.couples-et-familles.com\/\" target=\"_blank\" rel=\"noopener\"><span style=\"color: #0d95c7;\"><strong> la F\u00e9d\u00e9ration COUPLES ET FAMILLES<\/strong><\/span><\/a>, <span style=\"font-weight: 300;\">situ\u00e9e \u00e0 Paris, reconnue d\u2019Utilit\u00e9 Publique, agr\u00e9\u00e9e Association d\u2019Education Populaire en 1973, agr\u00e9ment renouvel\u00e9 en mai 2016, et Association Educative Compl\u00e9mentaire de l\u2019Enseignement Public depuis 2005, renouvel\u00e9 en ao\u00fbt 2016. Agr\u00e9\u00e9e EICCF par le Minist\u00e8re de la Sant\u00e9 <\/span><a style=\"font-weight: 300;\" href=\"https:\/\/ivg.gouv.fr\">https:\/\/ivg.gouv.fr<\/a><\/div>\n<div><\/div>\n","protected":false},"excerpt":{"rendered":"<p>h Couples et Familles Ille-et-Vilaine est une association professionnelle (loi 1901) de Conseillers Conjugaux et Familiaux, ind\u00e9pendante de tout mouvement politique, id\u00e9ologique et religieux. Elle a pour objectif, par sa r\u00e9flexion et son action de permettre et de promouvoir le d\u00e9veloppement de la personne dans sa vie relationnelle, affective et sexuelle. Tous nos intervenants ont &hellip; <a href=\"https:\/\/couplesetfamilles35.org\/index.php\/lassociation\/\" class=\"more-link\">Continue reading <span class=\"screen-reader-text\">L&#8217;association<\/span><\/a><\/p>\n","protected":false},"author":1,"featured_media":0,"parent":0,"menu_order":0,"comment_status":"closed","ping_status":"closed","template":"","meta":[],"_links":{"self":[{"href":"https:\/\/couplesetfamilles35.org\/index.php\/wp-json\/wp\/v2\/pages\/100"}],"collection":[{"href":"https:\/\/couplesetfamilles35.org\/index.php\/wp-json\/wp\/v2\/pages"}],"about":[{"href":"https:\/\/couplesetfamilles35.org\/index.php\/wp-json\/wp\/v2\/types\/page"}],"author":[{"embeddable":true,"href":"https:\/\/couplesetfamilles35.org\/index.php\/wp-json\/wp\/v2\/users\/1"}],"replies":[{"embeddable":true,"href":"https:\/\/couplesetfamilles35.org\/index.php\/wp-json\/wp\/v2\/comments?post=100"}],"version-history":[{"count":23,"href":"https:\/\/couplesetfamilles35.org\/index.php\/wp-json\/wp\/v2\/pages\/100\/revisions"}],"predecessor-version":[{"id":359,"href":"https:\/\/couplesetfamilles35.org\/index.php\/wp-json\/wp\/v2\/pages\/100\/revisions\/359"}],"wp:attachment":[{"href":"https:\/\/couplesetfamilles35.org\/index.php\/wp-json\/wp\/v2\/media?parent=100"}],"curies":[{"name":"wp","href":"https:\/\/api.w.org\/{rel}","templated":true}]}}