{"id":105,"date":"2016-01-14T18:34:55","date_gmt":"2016-01-14T17:34:55","guid":{"rendered":"http:\/\/couplesetfamilles35.org\/?page_id=105"},"modified":"2025-03-08T17:21:52","modified_gmt":"2025-03-08T16:21:52","slug":"nous-contacter","status":"publish","type":"page","link":"https:\/\/couplesetfamilles35.org\/index.php\/nous-contacter\/","title":{"rendered":"Nous contacter"},"content":{"rendered":"<p style=\"text-align: center;\"><strong><span style=\"color: #1590c3;\">\u00a0 \u00a0 \u00a0 \u00a0Nous accueillons chaque personne <\/span><\/strong><strong><span style=\"color: #1590c3;\">avec bienveillance et respect, sans aucun jugement.<\/span><\/strong><\/p>\n<p style=\"text-align: center;\"><span style=\"color: #000000;\"><strong>Nos entretiens sont confidentiels et sur rendez-vous\u00a0:<\/strong><\/span><\/p>\n<p style=\"text-align: center;\"><span style=\"color: #000000;\"><strong>Rennes : <\/strong><strong>06 74 41 17 83<\/strong> <\/span><\/p>\n<p style=\"text-align: center;\"><strong style=\"text-align: start;\">\u00a0\u00a0<\/strong><strong style=\"color: #000000;\"><a href=\"http:\/\/conjugaisonsfamiliales.fr\">Vannes<\/a> : 06 08 90 98 03<\/strong><\/p>\n<p style=\"text-align: center;\"><span style=\"color: #000000;\"><strong>\u00a0 \u00a0 \u00a0 \u00a0 \u00a0\u00a0<\/strong><\/span><img decoding=\"async\" loading=\"lazy\" class=\"alignnone size-medium wp-image-202 aligncenter\" src=\"http:\/\/couplesetfamilles35.org\/wp-content\/uploads\/2018\/09\/contact-300x158.png\" alt=\"\" width=\"300\" height=\"158\" srcset=\"https:\/\/couplesetfamilles35.org\/wp-content\/uploads\/2018\/09\/contact-300x158.png 300w, https:\/\/couplesetfamilles35.org\/wp-content\/uploads\/2018\/09\/contact.png 353w\" sizes=\"(max-width: 300px) 100vw, 300px\" \/><\/p>\n<p style=\"text-align: center;\"><strong>Le conseiller conjugal et familial <\/strong>a re\u00e7u une formation agr\u00e9\u00e9e par la Direction G\u00e9n\u00e9rale de la Coh\u00e9sion Sociale (DGCS)<\/p>\n<p style=\"text-align: center;\"><strong>C\u2019est un professionnel de la vie relationnelle, affective et sexuelle. <\/strong> Il est tenu au secret professionnel.<\/p>\n","protected":false},"excerpt":{"rendered":"<p>\u00a0 \u00a0 \u00a0 \u00a0Nous accueillons chaque personne avec bienveillance et respect, sans aucun jugement. Nos entretiens sont confidentiels et sur rendez-vous\u00a0: Rennes : 06 74 41 17 83 \u00a0\u00a0Vannes : 06 08 90 98 03 \u00a0 \u00a0 \u00a0 \u00a0 \u00a0\u00a0 Le conseiller conjugal et familial a re\u00e7u une formation agr\u00e9\u00e9e par la Direction G\u00e9n\u00e9rale de &hellip; <a href=\"https:\/\/couplesetfamilles35.org\/index.php\/nous-contacter\/\" class=\"more-link\">Continue reading <span class=\"screen-reader-text\">Nous contacter<\/span><\/a><\/p>\n","protected":false},"author":1,"featured_media":0,"parent":0,"menu_order":0,"comment_status":"closed","ping_status":"closed","template":"","meta":[],"_links":{"self":[{"href":"https:\/\/couplesetfamilles35.org\/index.php\/wp-json\/wp\/v2\/pages\/105"}],"collection":[{"href":"https:\/\/couplesetfamilles35.org\/index.php\/wp-json\/wp\/v2\/pages"}],"about":[{"href":"https:\/\/couplesetfamilles35.org\/index.php\/wp-json\/wp\/v2\/types\/page"}],"author":[{"embeddable":true,"href":"https:\/\/couplesetfamilles35.org\/index.php\/wp-json\/wp\/v2\/users\/1"}],"replies":[{"embeddable":true,"href":"https:\/\/couplesetfamilles35.org\/index.php\/wp-json\/wp\/v2\/comments?post=105"}],"version-history":[{"count":22,"href":"https:\/\/couplesetfamilles35.org\/index.php\/wp-json\/wp\/v2\/pages\/105\/revisions"}],"predecessor-version":[{"id":362,"href":"https:\/\/couplesetfamilles35.org\/index.php\/wp-json\/wp\/v2\/pages\/105\/revisions\/362"}],"wp:attachment":[{"href":"https:\/\/couplesetfamilles35.org\/index.php\/wp-json\/wp\/v2\/media?parent=105"}],"curies":[{"name":"wp","href":"https:\/\/api.w.org\/{rel}","templated":true}]}}