{"id":14,"date":"2016-01-13T20:51:06","date_gmt":"2016-01-13T19:51:06","guid":{"rendered":"http:\/\/couplesetfamilles35.org\/?page_id=14"},"modified":"2020-02-17T22:10:14","modified_gmt":"2020-02-17T21:10:14","slug":"animations-et-groupes-de-paroles","status":"publish","type":"page","link":"https:\/\/couplesetfamilles35.org\/index.php\/nos-activites\/animations-et-groupes-de-paroles\/","title":{"rendered":"Animations et groupes de paroles"},"content":{"rendered":"<p style=\"text-align: center;\">Aupr\u00e8s des <span style=\"color: #1590c3;\"><strong>jeunes<\/strong><\/span><strong>\u00a0<\/strong>: en milieu scolaire et associatif sur la vie relationnelle, affective et sexuelle afin\u00a0:<\/p>\n<ul>\n<li>d\u2019informer et d\u2019\u00e9duquer<\/li>\n<li>de lib\u00e9rer la parole<\/li>\n<li>de susciter la r\u00e9flexion et donner du sens<\/li>\n<li>d\u2019encourager l\u2019estime de soi<\/li>\n<li>de favoriser des attitudes de respect, de responsabilit\u00e9 et d\u2019autonomie<\/li>\n<\/ul>\n<p>En savoir + :\u00a0<a href=\"http:\/\/couplesetfamilles35.org\/wp-content\/uploads\/2018\/09\/FLYER-GENERAL-RECTO.pdf\">FLYER GENERAL RECTO<\/a>\u00a0et\u00a0<a href=\"http:\/\/couplesetfamilles35.org\/wp-content\/uploads\/2018\/09\/FLYER-GENERAL-VERSO-2018.pdf\">FLYER GENERAL VERSO 2018<\/a><\/p>\n<p style=\"text-align: center;\">Aupr\u00e8s <span style=\"color: #1590c3;\"><strong>d\u2019adultes<\/strong><\/span>\u00a0: sur les th\u00e8mes de\u00a0:<\/p>\n<ul>\n<li>l\u2019adolescence<\/li>\n<li>l\u2019estime de soi<img decoding=\"async\" loading=\"lazy\" class=\"alignright wp-image-213 size-thumbnail\" src=\"http:\/\/couplesetfamilles35.org\/wp-content\/uploads\/2018\/09\/jambes-150x150.png\" alt=\"\" width=\"150\" height=\"150\" \/><\/li>\n<li>la communication<\/li>\n<li>la gestion des conflits<\/li>\n<li>la violence<\/li>\n<li>le soutien \u00e0 la parentalit\u00e9<\/li>\n<li>le deuil<\/li>\n<\/ul>\n<p><img decoding=\"async\" loading=\"lazy\" class=\"aligncenter wp-image-262 size-full\" src=\"http:\/\/couplesetfamilles35.org\/wp-content\/uploads\/2018\/09\/contact-1.png\" alt=\"\" width=\"327\" height=\"145\" srcset=\"https:\/\/couplesetfamilles35.org\/wp-content\/uploads\/2018\/09\/contact-1.png 327w, https:\/\/couplesetfamilles35.org\/wp-content\/uploads\/2018\/09\/contact-1-300x133.png 300w\" sizes=\"(max-width: 327px) 100vw, 327px\" \/><\/p>\n","protected":false},"excerpt":{"rendered":"<p>Aupr\u00e8s des jeunes\u00a0: en milieu scolaire et associatif sur la vie relationnelle, affective et sexuelle afin\u00a0: d\u2019informer et d\u2019\u00e9duquer de lib\u00e9rer la parole de susciter la r\u00e9flexion et donner du sens d\u2019encourager l\u2019estime de soi de favoriser des attitudes de respect, de responsabilit\u00e9 et d\u2019autonomie En savoir + :\u00a0FLYER GENERAL RECTO\u00a0et\u00a0FLYER GENERAL VERSO 2018 Aupr\u00e8s &hellip; <a href=\"https:\/\/couplesetfamilles35.org\/index.php\/nos-activites\/animations-et-groupes-de-paroles\/\" class=\"more-link\">Continue reading <span class=\"screen-reader-text\">Animations et groupes de paroles<\/span><\/a><\/p>\n","protected":false},"author":1,"featured_media":0,"parent":115,"menu_order":0,"comment_status":"closed","ping_status":"closed","template":"","meta":[],"_links":{"self":[{"href":"https:\/\/couplesetfamilles35.org\/index.php\/wp-json\/wp\/v2\/pages\/14"}],"collection":[{"href":"https:\/\/couplesetfamilles35.org\/index.php\/wp-json\/wp\/v2\/pages"}],"about":[{"href":"https:\/\/couplesetfamilles35.org\/index.php\/wp-json\/wp\/v2\/types\/page"}],"author":[{"embeddable":true,"href":"https:\/\/couplesetfamilles35.org\/index.php\/wp-json\/wp\/v2\/users\/1"}],"replies":[{"embeddable":true,"href":"https:\/\/couplesetfamilles35.org\/index.php\/wp-json\/wp\/v2\/comments?post=14"}],"version-history":[{"count":17,"href":"https:\/\/couplesetfamilles35.org\/index.php\/wp-json\/wp\/v2\/pages\/14\/revisions"}],"predecessor-version":[{"id":282,"href":"https:\/\/couplesetfamilles35.org\/index.php\/wp-json\/wp\/v2\/pages\/14\/revisions\/282"}],"up":[{"embeddable":true,"href":"https:\/\/couplesetfamilles35.org\/index.php\/wp-json\/wp\/v2\/pages\/115"}],"wp:attachment":[{"href":"https:\/\/couplesetfamilles35.org\/index.php\/wp-json\/wp\/v2\/media?parent=14"}],"curies":[{"name":"wp","href":"https:\/\/api.w.org\/{rel}","templated":true}]}}