{"id":219,"date":"2018-09-12T16:06:24","date_gmt":"2018-09-12T15:06:24","guid":{"rendered":"http:\/\/couplesetfamilles35.org\/?page_id=219"},"modified":"2023-10-17T09:45:18","modified_gmt":"2023-10-17T08:45:18","slug":"nos-outils-pedagogiques","status":"publish","type":"page","link":"https:\/\/couplesetfamilles35.org\/index.php\/nos-outils-pedagogiques\/","title":{"rendered":"Nos outils p\u00e9dagogiques"},"content":{"rendered":"<p style=\"text-align: left;\"><strong>&#8220;SacADOS&#8221; pour les animations scolaires<\/strong><\/p>\n<p><img decoding=\"async\" loading=\"lazy\" class=\"size-medium wp-image-223 aligncenter\" src=\"http:\/\/couplesetfamilles35.org\/wp-content\/uploads\/2018\/09\/sacados-300x160.jpg\" alt=\"\" width=\"300\" height=\"160\" srcset=\"https:\/\/couplesetfamilles35.org\/wp-content\/uploads\/2018\/09\/sacados-300x160.jpg 300w, https:\/\/couplesetfamilles35.org\/wp-content\/uploads\/2018\/09\/sacados.jpg 603w\" sizes=\"(max-width: 300px) 100vw, 300px\" \/><a href=\"http:\/\/www.couples-et-familles.com\/publications\/nos-outils-pedagogiques\/sacados-pour-les-animations-scolaires\" target=\"_blank\" rel=\"noopener\">En savoir +<\/a><\/p>\n<p>&nbsp;<\/p>\n<p style=\"text-align: left;\"><strong>Kamino, chemin du deuil<\/strong><\/p>\n<p style=\"text-align: center;\">Un jeu de l\u2019oie th\u00e9rapeutique cr\u00e9\u00e9 par la F\u00e9d\u00e9ration Nationale Couples et Familles pour sortir ensemble de la douleur et du repli sur soi, apr\u00e8s un deuil.<\/p>\n<p><img decoding=\"async\" loading=\"lazy\" class=\"size-medium wp-image-224 aligncenter\" src=\"http:\/\/couplesetfamilles35.org\/wp-content\/uploads\/2018\/09\/image_kamino-36638dec-300x210.jpg\" alt=\"\" width=\"300\" height=\"210\" srcset=\"https:\/\/couplesetfamilles35.org\/wp-content\/uploads\/2018\/09\/image_kamino-36638dec-300x210.jpg 300w, https:\/\/couplesetfamilles35.org\/wp-content\/uploads\/2018\/09\/image_kamino-36638dec.jpg 572w\" sizes=\"(max-width: 300px) 100vw, 300px\" \/><\/p>\n<p style=\"text-align: center;\">Pour les conseillers conjugaux et familiaux, les formateurs, les professionnels dans le domaine du travail social, de la sant\u00e9, du monde \u00e9ducatif et de l\u2019accompagnement.\u00a0Pour les familles endeuill\u00e9es et tous publics.<\/p>\n<p style=\"text-align: left;\"><a href=\"http:\/\/www.couples-et-familles.com\/publications\/nos-outils-pedagogiques\/kamino-chemin-du-deuil\" target=\"_blank\" rel=\"noopener\">En savoir +<\/a><\/p>\n","protected":false},"excerpt":{"rendered":"<p>&#8220;SacADOS&#8221; pour les animations scolaires En savoir + &nbsp; Kamino, chemin du deuil Un jeu de l\u2019oie th\u00e9rapeutique cr\u00e9\u00e9 par la F\u00e9d\u00e9ration Nationale Couples et Familles pour sortir ensemble de la douleur et du repli sur soi, apr\u00e8s un deuil. Pour les conseillers conjugaux et familiaux, les formateurs, les professionnels dans le domaine du travail &hellip; <a href=\"https:\/\/couplesetfamilles35.org\/index.php\/nos-outils-pedagogiques\/\" class=\"more-link\">Continue reading <span class=\"screen-reader-text\">Nos outils p\u00e9dagogiques<\/span><\/a><\/p>\n","protected":false},"author":1,"featured_media":0,"parent":0,"menu_order":0,"comment_status":"closed","ping_status":"closed","template":"","meta":[],"_links":{"self":[{"href":"https:\/\/couplesetfamilles35.org\/index.php\/wp-json\/wp\/v2\/pages\/219"}],"collection":[{"href":"https:\/\/couplesetfamilles35.org\/index.php\/wp-json\/wp\/v2\/pages"}],"about":[{"href":"https:\/\/couplesetfamilles35.org\/index.php\/wp-json\/wp\/v2\/types\/page"}],"author":[{"embeddable":true,"href":"https:\/\/couplesetfamilles35.org\/index.php\/wp-json\/wp\/v2\/users\/1"}],"replies":[{"embeddable":true,"href":"https:\/\/couplesetfamilles35.org\/index.php\/wp-json\/wp\/v2\/comments?post=219"}],"version-history":[{"count":5,"href":"https:\/\/couplesetfamilles35.org\/index.php\/wp-json\/wp\/v2\/pages\/219\/revisions"}],"predecessor-version":[{"id":332,"href":"https:\/\/couplesetfamilles35.org\/index.php\/wp-json\/wp\/v2\/pages\/219\/revisions\/332"}],"wp:attachment":[{"href":"https:\/\/couplesetfamilles35.org\/index.php\/wp-json\/wp\/v2\/media?parent=219"}],"curies":[{"name":"wp","href":"https:\/\/api.w.org\/{rel}","templated":true}]}}